{"id":6,"date":"2023-12-21T20:58:15","date_gmt":"2023-12-21T20:58:15","guid":{"rendered":"https:\/\/kiosk.haludvar.hu\/?page_id=6"},"modified":"2024-12-13T12:43:49","modified_gmt":"2024-12-13T12:43:49","slug":"kiosk","status":"publish","type":"page","link":"https:\/\/kiosk.haludvar.hu\/","title":{"rendered":""},"content":{"rendered":"<div id=\"metaslider-id-134\" style=\"width: 100%;\" class=\"ml-slider-3-103-0 metaslider metaslider-flex metaslider-134 ml-slider ms-theme-default nav-hidden\" role=\"region\" aria-label=\"kiosk-2024\" data-height=\"1600\" data-width=\"900\">\n    <div id=\"metaslider_container_134\">\n        <div id=\"metaslider_134\">\n            <ul class='slides'>\n                <li style=\"display: block; width: 100%;\" class=\"slide-193 ms-image \" aria-roledescription=\"slide\" data-date=\"2024-12-18 09:06:52\" data-slide-type=\"image\"><img loading=\"lazy\" decoding=\"async\" src=\"https:\/\/kiosk.haludvar.hu\/wp-content\/uploads\/2024\/12\/3-1.png\" height=\"1600\" width=\"900\" alt=\"\" class=\"slider-134 slide-193 msDefaultImage\" title=\"3\" \/><\/li>\n                <li style=\"display: none; width: 100%;\" class=\"slide-191 ms-image \" aria-roledescription=\"slide\" data-date=\"2024-12-18 09:06:52\" data-slide-type=\"image\"><img loading=\"lazy\" decoding=\"async\" src=\"https:\/\/kiosk.haludvar.hu\/wp-content\/uploads\/2024\/12\/1-1.png\" height=\"1600\" width=\"900\" alt=\"\" class=\"slider-134 slide-191 msDefaultImage\" title=\"1\" \/><\/li>\n                <li style=\"display: none; width: 100%;\" class=\"slide-192 ms-image \" aria-roledescription=\"slide\" data-date=\"2024-12-18 09:06:52\" data-slide-type=\"image\"><img loading=\"lazy\" decoding=\"async\" src=\"https:\/\/kiosk.haludvar.hu\/wp-content\/uploads\/2024\/12\/2-1.png\" height=\"1600\" width=\"900\" alt=\"\" class=\"slider-134 slide-192 msDefaultImage\" title=\"2\" \/><\/li>\n                <li style=\"display: none; width: 100%;\" class=\"slide-202 ms-image \" aria-roledescription=\"slide\" data-date=\"2024-12-19 11:02:16\" data-slide-type=\"image\"><img loading=\"lazy\" decoding=\"async\" src=\"https:\/\/kiosk.haludvar.hu\/wp-content\/uploads\/2024\/12\/10.png\" height=\"1600\" width=\"900\" alt=\"\" class=\"slider-134 slide-202 msDefaultImage\" title=\"10\" \/><\/li>\n                <li style=\"display: none; width: 100%;\" class=\"slide-211 ms-image \" aria-roledescription=\"slide\" data-date=\"2024-12-21 10:52:16\" data-slide-type=\"image\"><img loading=\"lazy\" decoding=\"async\" src=\"https:\/\/kiosk.haludvar.hu\/wp-content\/uploads\/2024\/12\/KIOSK-3.png\" height=\"1600\" width=\"900\" alt=\"\" class=\"slider-134 slide-211 msDefaultImage\" title=\"KIOSK (3)\" \/><\/li>\n                <li style=\"display: none; width: 100%;\" class=\"slide-203 ms-image \" aria-roledescription=\"slide\" data-date=\"2024-12-19 11:02:16\" data-slide-type=\"image\"><img loading=\"lazy\" decoding=\"async\" src=\"https:\/\/kiosk.haludvar.hu\/wp-content\/uploads\/2024\/12\/11.png\" height=\"1600\" width=\"900\" alt=\"\" class=\"slider-134 slide-203 msDefaultImage\" title=\"11\" \/><\/li>\n                <li style=\"display: none; width: 100%;\" class=\"slide-213 ms-image \" aria-roledescription=\"slide\" data-date=\"2024-12-21 11:09:29\" data-slide-type=\"image\"><img loading=\"lazy\" decoding=\"async\" src=\"https:\/\/kiosk.haludvar.hu\/wp-content\/uploads\/2024\/12\/KIOSK-4.png\" height=\"1600\" width=\"900\" alt=\"\" class=\"slider-134 slide-213 msDefaultImage\" title=\"KIOSK (4)\" \/><\/li>\n                <li style=\"display: none; width: 100%;\" class=\"slide-269 ms-image \" aria-roledescription=\"slide\" data-date=\"2025-12-11 11:05:07\" data-slide-type=\"image\"><img loading=\"lazy\" decoding=\"async\" src=\"https:\/\/kiosk.haludvar.hu\/wp-content\/uploads\/2024\/12\/5-1.png\" height=\"1600\" width=\"900\" alt=\"\" class=\"slider-134 slide-269 msDefaultImage\" title=\"Lazacfil\u00e9 10.900.-\" \/><\/li>\n                <li style=\"display: none; width: 100%;\" class=\"slide-275 ms-image \" aria-roledescription=\"slide\" data-date=\"2025-12-13 08:32:29\" data-slide-type=\"image\"><img loading=\"lazy\" decoding=\"async\" src=\"https:\/\/kiosk.haludvar.hu\/wp-content\/uploads\/2025\/12\/8.jpg\" height=\"1600\" width=\"900\" alt=\"\" class=\"slider-134 slide-275 msDefaultImage\" title=\"8\" \/><\/li>\n                <li style=\"display: none; width: 100%;\" class=\"slide-278 ms-image \" aria-roledescription=\"slide\" data-date=\"2025-12-13 09:07:36\" data-slide-type=\"image\"><img loading=\"lazy\" decoding=\"async\" src=\"https:\/\/kiosk.haludvar.hu\/wp-content\/uploads\/2025\/12\/13.png\" height=\"1600\" width=\"900\" alt=\"\" class=\"slider-134 slide-278 msDefaultImage\" title=\"13\" \/><\/li>\n                <li style=\"display: none; width: 100%;\" class=\"slide-284 ms-image \" aria-roledescription=\"slide\" data-date=\"2025-12-14 14:36:49\" data-slide-type=\"image\"><img loading=\"lazy\" decoding=\"async\" src=\"https:\/\/kiosk.haludvar.hu\/wp-content\/uploads\/2025\/12\/KIOSK3.png\" height=\"1600\" width=\"900\" alt=\"\" class=\"slider-134 slide-284 msDefaultImage\" title=\"KIOSK3\" \/><\/li>\n                <li style=\"display: none; width: 100%;\" class=\"slide-285 ms-image \" aria-roledescription=\"slide\" data-date=\"2025-12-14 14:36:49\" data-slide-type=\"image\"><img loading=\"lazy\" decoding=\"async\" src=\"https:\/\/kiosk.haludvar.hu\/wp-content\/uploads\/2025\/12\/KIOSK4.png\" height=\"1600\" width=\"900\" alt=\"\" class=\"slider-134 slide-285 msDefaultImage\" title=\"KIOSK4\" \/><\/li>\n                <li style=\"display: none; width: 100%;\" class=\"slide-286 ms-image \" aria-roledescription=\"slide\" data-date=\"2025-12-14 14:36:49\" data-slide-type=\"image\"><img loading=\"lazy\" decoding=\"async\" src=\"https:\/\/kiosk.haludvar.hu\/wp-content\/uploads\/2025\/12\/KIOSK5.png\" height=\"1600\" width=\"900\" alt=\"\" class=\"slider-134 slide-286 msDefaultImage\" title=\"KIOSK5\" \/><\/li>\n            <\/ul>\n        <\/div>\n        \n    <\/div>\n<\/div>\n<p><!-- \n\n<div style=\"border-top: solid 1px; background-color: red; width:100%\">\naaaa\n<\/div>\n\n--><\/p>\n<style>\n        .blink {\n            animation: blinker 1.5s linear infinite;\n            color: red;\n            font-family: sans-serif;\n        }\n        @keyframes blinker {\n            50% {\n                opacity: 0;\n            }\n        }\n    <\/style>\n<div style=\"text-align: center; border-top: solid 1px; display: none\">\n<h2 style=\"text-align: center; line-height: 0.5; color: red; font-weight: bold; font-size: 1.8rem;\" class=\"blink\">PISZTR\u00c1NG ELFOGYOTT<\/h2>\n<h2 style=\"text-align: center; line-height: 0.5; color: red; font-weight: bold; font-size: 1.8rem;\" class=\"blink\">\u00c9L\u0150 SZ\u00dcRKE HARCSA ELFOGYOTT<\/h2>\n<h2 style=\"text-align: center; line-height: 0.5; color: red; font-weight: bold; font-size: 1.8rem;\" class=\"blink\">SZ\u00dcRKEHARCSA FIL\u00c9 ELFOGYOTT<\/h2>\n<h2 style=\"text-align: center; line-height: 0.5; color: red; font-weight: bold; font-size: 1.8rem;\" class=\"blink\">BELS\u0150S\u00c9G ELFOGYOTT<\/h2>\n<p><!--\n\n<h2 style=\"text-align: center; color: yellow; font-weight: bold;\">PISZTR\u00c1NG ELFOGYOTT<\/h2>\n\n-->\n<\/div>\n<p><!--\n\n\n<p>\n\u2022 Sz\u00fcrke harcsa \u00e9l\u0151  \u2022 Sz\u00fcrke harcsa fil\u00e9<br \/>\n\u2022 Pisztr\u00e1ng  \u2022 Gyufa t\u00e9szta\n<\/p>\n\n\n--><\/p>\n<p><!-- \n\n<h3>\n\n\n<li>Pisztr\u00e1ng<\/li>\n\n\n<\/h3>\n\n\n--><\/p>\n","protected":false},"excerpt":{"rendered":"<p>PISZTR\u00c1NG ELFOGYOTT \u00c9L\u0150 SZ\u00dcRKE HARCSA ELFOGYOTT SZ\u00dcRKEHARCSA FIL\u00c9 ELFOGYOTT BELS\u0150S\u00c9G ELFOGYOTT<\/p>\n","protected":false},"author":1,"featured_media":0,"parent":0,"menu_order":0,"comment_status":"closed","ping_status":"closed","template":"","meta":{"footnotes":""},"class_list":["post-6","page","type-page","status-publish","hentry"],"_links":{"self":[{"href":"https:\/\/kiosk.haludvar.hu\/index.php\/wp-json\/wp\/v2\/pages\/6","targetHints":{"allow":["GET"]}}],"collection":[{"href":"https:\/\/kiosk.haludvar.hu\/index.php\/wp-json\/wp\/v2\/pages"}],"about":[{"href":"https:\/\/kiosk.haludvar.hu\/index.php\/wp-json\/wp\/v2\/types\/page"}],"author":[{"embeddable":true,"href":"https:\/\/kiosk.haludvar.hu\/index.php\/wp-json\/wp\/v2\/users\/1"}],"replies":[{"embeddable":true,"href":"https:\/\/kiosk.haludvar.hu\/index.php\/wp-json\/wp\/v2\/comments?post=6"}],"version-history":[{"count":62,"href":"https:\/\/kiosk.haludvar.hu\/index.php\/wp-json\/wp\/v2\/pages\/6\/revisions"}],"predecessor-version":[{"id":158,"href":"https:\/\/kiosk.haludvar.hu\/index.php\/wp-json\/wp\/v2\/pages\/6\/revisions\/158"}],"wp:attachment":[{"href":"https:\/\/kiosk.haludvar.hu\/index.php\/wp-json\/wp\/v2\/media?parent=6"}],"curies":[{"name":"wp","href":"https:\/\/api.w.org\/{rel}","templated":true}]}}